{"id":167,"date":"2020-11-26T10:34:17","date_gmt":"2020-11-26T09:34:17","guid":{"rendered":"http:\/\/glowa.info\/?page_id=167"},"modified":"2026-02-22T18:07:15","modified_gmt":"2026-02-22T17:07:15","slug":"was-sie-von-uns-erwarten-koennen","status":"publish","type":"page","link":"https:\/\/smg-media.de\/?page_id=167","title":{"rendered":"Was Sie von uns erwarten k\u00f6nnen"},"content":{"rendered":"\n<p>In Netzwerk der Agentur b\u00fcndeln sich Jahrzehnte Erfahrung in Verlagen, Kommunikations- und PR-Agenturen.<\/p>\n\n\n\n<p>Wir wissen, worauf wir schauen m\u00fcssen, welche Fragen zu stellen sind. Wo die Geschichten stecken und wie sie in die Kan\u00e4le gespielt werden m\u00fcssen. <br>Wir finden das Narrativ. Denn das ist, was wir k\u00f6nnen. <br>Wir machen. Denn: Communication matters.<\/p>\n\n\n\n<p>Was wir aus unserem Netzwerk heraus bieten k\u00f6nnen:<\/p>\n\n\n\n<p class=\"has-text-align-left has-luminous-vivid-orange-color has-text-color\">Redaktion \u2013 360\u00b0<br>&#8211; Print<br>&#8211; Online<br>&#8211; Social Media<br>&#8211; Clips<br>&#8211; Podcast<br>&#8211; Video <\/p>\n\n\n\n<p class=\"has-text-align-left has-luminous-vivid-orange-color has-text-color\">Projektmanagement \/ CvD<\/p>\n\n\n\n<p class=\"has-text-align-left has-luminous-vivid-orange-color has-text-color\">Klassische PR<\/p>\n\n\n\n<p class=\"has-text-align-left has-luminous-vivid-orange-color has-text-color\">Social Media<\/p>\n\n\n\n<p class=\"has-text-align-left has-luminous-vivid-orange-color has-text-color\">Art Direction<\/p>\n\n\n\n<p class=\"has-text-align-left has-luminous-vivid-orange-color has-text-color\">Vertrieb<\/p>\n\n\n\n<p><\/p>\n\n\n\n<p><\/p>\n\n\n\n<p>Unser Anspruch bleibt, mit Ihnen gemeinsam den Weg zur erfolgreichen Kommunikation zu gehen.   <\/p>\n\n\n\n<p>Wir unterst\u00fctzen Sie bei den dringendsten Aufgaben, bis das Ergebnis stimmt. Sie w\u00e4hlen und bestimmen, wie Sie uns einsetzen wollen: Sei es im Projektmanagement oder im Vertrieb, im Anzeigenverkauf oder im Bereich Personal. Zuvorderst aber nat\u00fcrlich \u00fcbernehmen wir Aufgaben im redaktionellen und strategischen Bereich! <\/p>\n\n\n\n<p>Bei Bedarf im Bereich Unternehmenkommunikation und PR analysieren wir ihre Situation und ihre Unternehmensstruktur, beraten und coachen ihr Team. Gemeinsam mit Ihren Leuten krempeln wir die \u00c4rmel hoch. <br>Sie haben noch keine eigene Abteilung? Kein Problem. Wir helfen bei deren Aufbau. <br>Oder wir \u00fcbernehmen die anfallenden Aufgaben einfach im Wege des Outsourcings.<\/p>\n\n\n\n<p>Denn: Unser Netzwerk, das sind Top-Spezialisten der deutschen Medienszene. Profis.  <\/p>\n\n\n\n<p>by smg media<br>\u00a9 Stefan Glowa 2020<\/p>\n","protected":false},"excerpt":{"rendered":"<p>In Netzwerk der Agentur b\u00fcndeln sich Jahrzehnte Erfahrung in Verlagen, Kommunikations- und PR-Agenturen. Wir wissen, worauf wir schauen m\u00fcssen, welche Fragen zu stellen sind. Wo die Geschichten stecken und wie sie in die Kan\u00e4le gespielt werden m\u00fcssen. Wir finden das Narrativ. Denn das ist, was wir k\u00f6nnen. Wir machen. Denn: Communication matters. Was wir aus [&hellip;]<\/p>\n","protected":false},"author":1,"featured_media":96,"parent":159,"menu_order":1,"comment_status":"closed","ping_status":"closed","template":"","meta":{"footnotes":""},"class_list":["post-167","page","type-page","status-publish","has-post-thumbnail","hentry"],"_links":{"self":[{"href":"https:\/\/smg-media.de\/index.php?rest_route=\/wp\/v2\/pages\/167","targetHints":{"allow":["GET"]}}],"collection":[{"href":"https:\/\/smg-media.de\/index.php?rest_route=\/wp\/v2\/pages"}],"about":[{"href":"https:\/\/smg-media.de\/index.php?rest_route=\/wp\/v2\/types\/page"}],"author":[{"embeddable":true,"href":"https:\/\/smg-media.de\/index.php?rest_route=\/wp\/v2\/users\/1"}],"replies":[{"embeddable":true,"href":"https:\/\/smg-media.de\/index.php?rest_route=%2Fwp%2Fv2%2Fcomments&post=167"}],"version-history":[{"count":15,"href":"https:\/\/smg-media.de\/index.php?rest_route=\/wp\/v2\/pages\/167\/revisions"}],"predecessor-version":[{"id":242,"href":"https:\/\/smg-media.de\/index.php?rest_route=\/wp\/v2\/pages\/167\/revisions\/242"}],"up":[{"embeddable":true,"href":"https:\/\/smg-media.de\/index.php?rest_route=\/wp\/v2\/pages\/159"}],"wp:featuredmedia":[{"embeddable":true,"href":"https:\/\/smg-media.de\/index.php?rest_route=\/wp\/v2\/media\/96"}],"wp:attachment":[{"href":"https:\/\/smg-media.de\/index.php?rest_route=%2Fwp%2Fv2%2Fmedia&parent=167"}],"curies":[{"name":"wp","href":"https:\/\/api.w.org\/{rel}","templated":true}]}}